{"id":7849,"date":"2025-12-09T10:30:04","date_gmt":"2025-12-09T09:30:04","guid":{"rendered":"https:\/\/www.edelweiss.at\/infos\/conditions-dannulation\/"},"modified":"2025-12-11T14:12:51","modified_gmt":"2025-12-11T13:12:51","slug":"conditions-dannulation","status":"publish","type":"page","link":"https:\/\/www.edelweiss.at\/fr\/infos\/conditions-dannulation\/","title":{"rendered":"Conditions d&rsquo;annulation"},"content":{"rendered":"<p>[et_pb_section fb_built=\u00a0\u00bb1&Prime; _builder_version=\u00a0\u00bb4.27.4&Prime; _module_preset=\u00a0\u00bbdefault\u00a0\u00bb global_colors_info=\u00a0\u00bb{}\u00a0\u00bb theme_builder_area=\u00a0\u00bbpost_content\u00a0\u00bb][et_pb_row _builder_version=\u00a0\u00bb4.27.4&Prime; _module_preset=\u00a0\u00bbdefault\u00a0\u00bb global_colors_info=\u00a0\u00bb{}\u00a0\u00bb theme_builder_area=\u00a0\u00bbpost_content\u00a0\u00bb][et_pb_column type=\u00a0\u00bb4_4&Prime; _builder_version=\u00a0\u00bb4.27.4&Prime; _module_preset=\u00a0\u00bbdefault\u00a0\u00bb global_colors_info=\u00a0\u00bb{}\u00a0\u00bb theme_builder_area=\u00a0\u00bbpost_content\u00a0\u00bb][et_pb_heading title=\u00a0\u00bbConditions d&#039;annulation\u00a0\u00bb _builder_version=\u00a0\u00bb4.27.4&Prime; _module_preset=\u00a0\u00bbdefault\u00a0\u00bb title_font=\u00a0\u00bbOswald||||||||\u00a0\u00bb hover_enabled=\u00a0\u00bb0&Prime; global_colors_info=\u00a0\u00bb{}\u00a0\u00bb theme_builder_area=\u00a0\u00bbpost_content\u00a0\u00bb sticky_enabled=\u00a0\u00bb0&Prime;][\/et_pb_heading][\/et_pb_column][\/et_pb_row][et_pb_row _builder_version=\u00a0\u00bb4.27.4&Prime; _module_preset=\u00a0\u00bbdefault\u00a0\u00bb global_colors_info=\u00a0\u00bb{}\u00a0\u00bb theme_builder_area=\u00a0\u00bbpost_content\u00a0\u00bb][et_pb_column type=\u00a0\u00bb4_4&Prime; _builder_version=\u00a0\u00bb4.27.4&Prime; _module_preset=\u00a0\u00bbdefault\u00a0\u00bb global_colors_info=\u00a0\u00bb{}\u00a0\u00bb theme_builder_area=\u00a0\u00bbpost_content\u00a0\u00bb][et_pb_text _builder_version=\u00a0\u00bb4.27.4&Prime; _module_preset=\u00a0\u00bbdefault\u00a0\u00bb global_colors_info=\u00a0\u00bb{}\u00a0\u00bb locked=\u00a0\u00bboff\u00a0\u00bb theme_builder_area=\u00a0\u00bbpost_content\u00a0\u00bb]<\/p>\n<p><strong>Nos frais d&rsquo;annulation sont calcul\u00e9s comme suit :<\/strong><\/p>\n<ul>\n<li>jusqu&rsquo;\u00e0 6 semaines avant l&rsquo;arriv\u00e9e, sans frais<\/li>\n<li>6-4 semaines avant l&rsquo;arriv\u00e9e 40% du prix de l&rsquo;h\u00f4tel<\/li>\n<li>4-1 semaine avant l&rsquo;arriv\u00e9e : 60% du prix de l&rsquo;h\u00f4tel<\/li>\n<li>dans les 7 derniers jours : 80% du prix de l&rsquo;h\u00f4tel<\/li>\n<\/ul>\n<p>[\/et_pb_text][\/et_pb_column][\/et_pb_row][\/et_pb_section]<\/p>\n","protected":false},"excerpt":{"rendered":"<p>Nos frais d&rsquo;annulation sont calcul\u00e9s comme suit : jusqu&rsquo;\u00e0 6 semaines avant l&rsquo;arriv\u00e9e, sans frais 6-4 semaines avant l&rsquo;arriv\u00e9e 40% du prix de l&rsquo;h\u00f4tel 4-1 semaine avant l&rsquo;arriv\u00e9e : 60% du prix de l&rsquo;h\u00f4tel dans les 7 derniers jours : 80% du prix de l&rsquo;h\u00f4tel<\/p>\n","protected":false},"author":2,"featured_media":0,"parent":4848,"menu_order":39,"comment_status":"closed","ping_status":"closed","template":"","meta":{"_et_pb_use_builder":"on","_et_pb_old_content":"","_et_gb_content_width":"","footnotes":""},"class_list":["post-7849","page","type-page","status-publish","hentry"],"_links":{"self":[{"href":"https:\/\/www.edelweiss.at\/fr\/wp-json\/wp\/v2\/pages\/7849","targetHints":{"allow":["GET"]}}],"collection":[{"href":"https:\/\/www.edelweiss.at\/fr\/wp-json\/wp\/v2\/pages"}],"about":[{"href":"https:\/\/www.edelweiss.at\/fr\/wp-json\/wp\/v2\/types\/page"}],"author":[{"embeddable":true,"href":"https:\/\/www.edelweiss.at\/fr\/wp-json\/wp\/v2\/users\/2"}],"replies":[{"embeddable":true,"href":"https:\/\/www.edelweiss.at\/fr\/wp-json\/wp\/v2\/comments?post=7849"}],"version-history":[{"count":5,"href":"https:\/\/www.edelweiss.at\/fr\/wp-json\/wp\/v2\/pages\/7849\/revisions"}],"predecessor-version":[{"id":7860,"href":"https:\/\/www.edelweiss.at\/fr\/wp-json\/wp\/v2\/pages\/7849\/revisions\/7860"}],"up":[{"embeddable":true,"href":"https:\/\/www.edelweiss.at\/fr\/wp-json\/wp\/v2\/pages\/4848"}],"wp:attachment":[{"href":"https:\/\/www.edelweiss.at\/fr\/wp-json\/wp\/v2\/media?parent=7849"}],"curies":[{"name":"wp","href":"https:\/\/api.w.org\/{rel}","templated":true}]}}