{"id":4641,"date":"2025-10-29T11:04:37","date_gmt":"2025-10-29T10:04:37","guid":{"rendered":"https:\/\/www.edelweiss.at\/de-edelweiss\/"},"modified":"2025-12-11T14:31:25","modified_gmt":"2025-12-11T13:31:25","slug":"de-edelweiss","status":"publish","type":"page","link":"https:\/\/www.edelweiss.at\/nl\/de-edelweiss\/","title":{"rendered":"De Edelweiss"},"content":{"rendered":"<p>[et_pb_section fb_built=&#8221;1&#8243; _builder_version=&#8221;4.27.4&#8243; _module_preset=&#8221;default&#8221; global_colors_info=&#8221;{}&#8221;][et_pb_row _builder_version=&#8221;4.27.4&#8243; _module_preset=&#8221;default&#8221; global_colors_info=&#8221;{}&#8221;][et_pb_column type=&#8221;4_4&#8243; _builder_version=&#8221;4.27.4&#8243; _module_preset=&#8221;default&#8221; global_colors_info=&#8221;{}&#8221;][et_pb_heading title=&#8221;Het Edelweiss is een hotel met traditie in Lermoos&#8221; _builder_version=&#8221;4.27.4&#8243; _module_preset=&#8221;default&#8221; title_font=&#8221;Oswald||||||||&#8221; hover_enabled=&#8221;0&#8243; global_colors_info=&#8221;{}&#8221; sticky_enabled=&#8221;0&#8243;][\/et_pb_heading][\/et_pb_column][\/et_pb_row][et_pb_row column_structure=&#8221;3_5,2_5&#8243; _builder_version=&#8221;4.27.4&#8243; _module_preset=&#8221;default&#8221; global_colors_info=&#8221;{}&#8221;][et_pb_column type=&#8221;3_5&#8243; _builder_version=&#8221;4.27.4&#8243; _module_preset=&#8221;default&#8221; global_colors_info=&#8221;{}&#8221;][et_pb_text _builder_version=&#8221;4.27.4&#8243; _module_preset=&#8221;default&#8221; hover_enabled=&#8221;0&#8243; global_colors_info=&#8221;{}&#8221; sticky_enabled=&#8221;0&#8243;]De Edelweiss is al vele jaren een plaats van ontspanning en welzijn in Lermoos. Hier worden traditie en warme gastvrijheid gecombineerd tot een onvergetelijke vakantie-ervaring. Geniet van de idyllische omgeving, die je uitnodigt om te ontspannen en het leven van alledag achter je te laten. Of het nu gaat om een gezellig etentje of een praatje met gelijkgestemden, je vindt hier de perfecte sfeer om nieuwe vrienden te maken en tot rust te komen. Ervaar de schoonheid van de natuur en de verscheidenheid aan activiteiten die je zullen helpen om nieuwe energie op te doen. Jouw welzijn is onze zorg en we kijken ernaar uit om je onvergetelijke momenten te bezorgen![\/et_pb_text][et_pb_image src=&#8221;https:\/\/www.edelweiss.at\/wp-content\/uploads\/2025\/11\/FH8A6335-e1762271559792.jpg&#8221; _builder_version=&#8221;4.27.4&#8243; _module_preset=&#8221;default&#8221; alt=&#8221;Elegante hotelkamer met comfortabel bed, houten inrichting en gezellige zithoek in een Oostenrijkse accommodatie van Edelweiss.at.&#8221; title_text=&#8221;FH8A6335&#8243; hover_enabled=&#8221;0&#8243; sticky_enabled=&#8221;0&#8243;][\/et_pb_image][et_pb_text _builder_version=&#8221;4.27.4&#8243; _module_preset=&#8221;default&#8221; hover_enabled=&#8221;0&#8243; global_colors_info=&#8221;{}&#8221; sticky_enabled=&#8221;0&#8243;]Ervaar een verscheidenheid aan culinaire hoogstandjes die je zintuigen prikkelen en elk gehemelte verrukken. Ons fantastische zwembad nodigt je uit om te ontspannen en te spelen, terwijl de sauna en ontspanningsruimtes je de perfecte time-out bieden. Geniet van ruime kamers ontworpen met veel aandacht voor detail en proef heerlijke gerechten in onze uitnodigende restaurants. Bij ons vind je niet alleen een plek om te verblijven, maar een thuis waar je je helemaal op je gemak voelt. We kijken ernaar uit om je onvergetelijke momenten te bezorgen![\/et_pb_text][\/et_pb_column][et_pb_column type=&#8221;2_5&#8243; _builder_version=&#8221;4.27.4&#8243; _module_preset=&#8221;default&#8221; global_colors_info=&#8221;{}&#8221;][et_pb_text _builder_version=&#8221;4.27.4&#8243; _module_preset=&#8221;default&#8221; global_colors_info=&#8221;{}&#8221; hover_enabled=&#8221;0&#8243; sticky_enabled=&#8221;0&#8243;]<\/p>\n<blockquote>\n<p>Edelweiss is een fascinerende plant.<\/p>\n<p>&nbsp;<\/p>\n<p>Met zijn karakteristieke witte bloemen die als sterren op de berghelling schitteren, symboliseert hij de ongerepte schoonheid van de Alpen.<\/p>\n<\/blockquote>\n<p>[\/et_pb_text][et_pb_image src=&#8221;https:\/\/www.edelweiss.at\/wp-content\/uploads\/2025\/11\/92edelweiss.jpg&#8221; _builder_version=&#8221;4.27.4&#8243; _module_preset=&#8221;default&#8221; title_text=&#8221;92edelweiss&#8221; hover_enabled=&#8221;0&#8243; sticky_enabled=&#8221;0&#8243;][\/et_pb_image][\/et_pb_column][\/et_pb_row][\/et_pb_section][et_pb_section fb_built=&#8221;1&#8243; _builder_version=&#8221;4.27.4&#8243; _module_preset=&#8221;default&#8221; background_image=&#8221;https:\/\/www.edelweiss.at\/wp-content\/uploads\/2025\/09\/Bar.jpg&#8221; background_position=&#8221;top_center&#8221; min_height=&#8221;100vh&#8221; custom_padding=&#8221;0px||||false|false&#8221; hover_enabled=&#8221;0&#8243; global_colors_info=&#8221;{}&#8221; alt=&#8221;Stilvolle Bar mit roten Samtst\u00fchlen, warmes Holzinterieur, modernes Ambiente, perfekte Location f\u00fcr Apr\u00e8s-Ski in \u00d6sterreich.&#8221; title_text=&#8221;Bar&#8221; sticky_enabled=&#8221;0&#8243;][et_pb_row _builder_version=&#8221;4.27.4&#8243; _module_preset=&#8221;default&#8221; custom_margin=&#8221;0px||0px||true|false&#8221; custom_padding=&#8221;0px||||false|false&#8221; global_colors_info=&#8221;{}&#8221;][et_pb_column type=&#8221;4_4&#8243; _builder_version=&#8221;4.27.4&#8243; _module_preset=&#8221;default&#8221; global_colors_info=&#8221;{}&#8221;][et_pb_text _builder_version=&#8221;4.27.4&#8243; _module_preset=&#8221;6f816b85-54bb-465f-83ef-9b2a5de5fa1f&#8221; hover_enabled=&#8221;0&#8243; global_colors_info=&#8221;{}&#8221; background_color=&#8221;#998888&#8243; sticky_enabled=&#8221;0&#8243;]<\/p>\n<p>Gezellig.<\/p>\n<p>[\/et_pb_text][\/et_pb_column][\/et_pb_row][\/et_pb_section][et_pb_section fb_built=&#8221;1&#8243; _builder_version=&#8221;4.27.4&#8243; _module_preset=&#8221;default&#8221; background_color=&#8221;RGBA(255,255,255,0)&#8221; custom_margin=&#8221;-150px||0px||false|false&#8221; custom_padding=&#8221;0px||0px||false|false&#8221; global_colors_info=&#8221;{}&#8221;][et_pb_row column_structure=&#8221;1_3,2_3&#8243; use_custom_gutter=&#8221;on&#8221; gutter_width=&#8221;1&#8243; _builder_version=&#8221;4.27.4&#8243; _module_preset=&#8221;default&#8221; custom_margin=&#8221;0px||0px||false|false&#8221; custom_padding=&#8221;0px||0px||false|false&#8221; global_colors_info=&#8221;{}&#8221;][et_pb_column type=&#8221;1_3&#8243; _builder_version=&#8221;4.27.4&#8243; _module_preset=&#8221;default&#8221; global_colors_info=&#8221;{}&#8221;][et_pb_image src=&#8221;https:\/\/www.edelweiss.at\/wp-content\/uploads\/2025\/09\/ci-2025-square-taupe.svg&#8221; title_text=&#8221;ci-2025-vierkant-taupe&#8221; _builder_version=&#8221;4.27.4&#8243; _module_preset=&#8221;default&#8221; width=&#8221;250px&#8221; module_alignment=&#8221;center&#8221; height=&#8221;250px&#8221; custom_margin=&#8221;0px|0px|0px|0px|false|false&#8221; custom_padding=&#8221;0px|0px|0px|0px|false|false&#8221; hover_enabled=&#8221;0&#8243; global_colors_info=&#8221;{}&#8221; sticky_enabled=&#8221;0&#8243;][\/et_pb_image][\/et_pb_column][et_pb_column type=&#8221;2_3&#8243; _builder_version=&#8221;4.27.4&#8243; _module_preset=&#8221;default&#8221; global_colors_info=&#8221;{}&#8221;][et_pb_text _builder_version=&#8221;4.27.4&#8243; _module_preset=&#8221;bb216964-205c-407e-95e0-94788f95e2c1&#8243; dvmd_acat_aria_hidden=&#8221;on&#8221; dvmd_acat_aria_hidden_selector=&#8221;.et_pb_text_inner&#8221; global_colors_info=&#8221;{}&#8221;]<\/p>\n<p style=\"text-align: center;\">De mooiste bloem in de Alpen.<\/p>\n<p>[\/et_pb_text][\/et_pb_column][\/et_pb_row][\/et_pb_section][et_pb_section fb_built=&#8221;1&#8243; _builder_version=&#8221;4.27.4&#8243; _module_preset=&#8221;default&#8221; global_colors_info=&#8221;{}&#8221;][et_pb_row column_structure=&#8221;1_3,2_3&#8243; _builder_version=&#8221;4.27.4&#8243; _module_preset=&#8221;default&#8221; max_width=&#8221;80%&#8221; global_colors_info=&#8221;{}&#8221;][et_pb_column type=&#8221;1_3&#8243; _builder_version=&#8221;4.27.4&#8243; _module_preset=&#8221;default&#8221; global_colors_info=&#8221;{}&#8221;][et_pb_text _builder_version=&#8221;4.27.4&#8243; _module_preset=&#8221;064f11a0-6b82-4885-81c2-e85da605fa3c&#8221; global_colors_info=&#8221;{}&#8221;]<\/p>\n<blockquote>\n<p>Een buitengewone ervaring die prachtige herinneringen oplevert<\/p>\n<\/blockquote>\n<p>[\/et_pb_text][et_pb_text _builder_version=&#8221;4.27.4&#8243; _module_preset=&#8221;default&#8221; hover_enabled=&#8221;0&#8243; global_colors_info=&#8221;{}&#8221; sticky_enabled=&#8221;0&#8243;]<\/p>\n<p>Onze vaste gasten weten dat Hotel Edelweiss een heel bijzondere plek is. Hier vinden ze niet alleen een plek om zich terug te trekken, maar ook een tweede thuis waar ze zich helemaal op hun gemak voelen. De warme sfeer en attente service zorgen ervoor dat elk verblijf een onvergetelijke ervaring is.<\/p>\n<p>Onze gasten waarderen de stijlvol ingerichte kamers en de mogelijkheid om de adembenemende natuur voor de deur te verkennen.<\/p>\n<p>Culinaire hoogtepunten - met liefde bereid - uit de regio ronden het feel-good aanbod af en maken van elk bezoek een feest voor de zintuigen.<\/p>\n<p>[\/et_pb_text][\/et_pb_column][et_pb_column type=&#8221;2_3&#8243; _builder_version=&#8221;4.27.4&#8243; _module_preset=&#8221;default&#8221; global_colors_info=&#8221;{}&#8221;][et_pb_image src=&#8221;https:\/\/www.edelweiss.at\/wp-content\/uploads\/2025\/09\/005_fotostudiorene.jpg&#8221; title_text=&#8221;005_fotostudiorene&#8221; _builder_version=&#8221;4.27.4&#8243; _module_preset=&#8221;default&#8221; hover_enabled=&#8221;0&#8243; global_colors_info=&#8221;{}&#8221; alt=&#8221;Ruime hotelkamer met gezellige zithoek, houten decoraties en uitzicht op de bergen, ideaal voor een ontspannen verblijf in de Oostenrijkse Alpen.&#8221; sticky_enabled=&#8221;0&#8243;][\/et_pb_image][\/et_pb_column][\/et_pb_row][\/et_pb_section]<\/p>\n","protected":false},"excerpt":{"rendered":"<p>De Edelweiss is al vele jaren een plaats van ontspanning en welzijn in Lermoos. Hier worden traditie en warme gastvrijheid gecombineerd tot een onvergetelijke vakantie-ervaring. Geniet van de idyllische omgeving, die je uitnodigt om te ontspannen en het leven van alledag achter je te laten. Of het nu gaat om een gezellig etentje of een [&hellip;]<\/p>\n","protected":false},"author":4,"featured_media":0,"parent":0,"menu_order":3,"comment_status":"closed","ping_status":"closed","template":"","meta":{"_et_pb_use_builder":"on","_et_pb_old_content":"","_et_gb_content_width":"","footnotes":""},"class_list":["post-4641","page","type-page","status-publish","hentry"],"_links":{"self":[{"href":"https:\/\/www.edelweiss.at\/nl\/wp-json\/wp\/v2\/pages\/4641","targetHints":{"allow":["GET"]}}],"collection":[{"href":"https:\/\/www.edelweiss.at\/nl\/wp-json\/wp\/v2\/pages"}],"about":[{"href":"https:\/\/www.edelweiss.at\/nl\/wp-json\/wp\/v2\/types\/page"}],"author":[{"embeddable":true,"href":"https:\/\/www.edelweiss.at\/nl\/wp-json\/wp\/v2\/users\/4"}],"replies":[{"embeddable":true,"href":"https:\/\/www.edelweiss.at\/nl\/wp-json\/wp\/v2\/comments?post=4641"}],"version-history":[{"count":18,"href":"https:\/\/www.edelweiss.at\/nl\/wp-json\/wp\/v2\/pages\/4641\/revisions"}],"predecessor-version":[{"id":8012,"href":"https:\/\/www.edelweiss.at\/nl\/wp-json\/wp\/v2\/pages\/4641\/revisions\/8012"}],"wp:attachment":[{"href":"https:\/\/www.edelweiss.at\/nl\/wp-json\/wp\/v2\/media?parent=4641"}],"curies":[{"name":"wp","href":"https:\/\/api.w.org\/{rel}","templated":true}]}}